{"id":38,"date":"2022-03-13T17:31:26","date_gmt":"2022-03-13T17:31:26","guid":{"rendered":"http:\/\/nottitia.pl\/?page_id=38"},"modified":"2022-03-13T21:53:04","modified_gmt":"2022-03-13T21:53:04","slug":"outsourcing","status":"publish","type":"page","link":"https:\/\/nottitia.pl\/index.php\/outsourcing\/","title":{"rendered":"OUTSOURCING IT"},"content":{"rendered":"\n<p>Zarz\u0105dzanie infrastruktur\u0105 IT to jedna z us\u0142ug, kt\u00f3ra najcz\u0119\u015bciej zlecana jest firmom zewn\u0119trznym. Zlecenie obs\u0142ugi firmie zewn\u0119trznej pozwala przede wszystkim obni\u017cy\u0107 koszty zwi\u0105zane z utrzymaniem system\u00f3w informatycznych. Przekazuj\u0105c zarz\u0105dzanie infrastruktur\u0105 specjalistom mog\u0105 Pa\u0144stwo skoncentrowa\u0107 swoje dzia\u0142ania na kluczowych obszarach dzia\u0142ania swojej firmy. W ramach obs\u0142ugi IT proponujemy Pa\u0144stwu szeroki wachlarz us\u0142ug, z kt\u00f3rych mog\u0105 Pa\u0144stwo wybiera\u0107 poszczeg\u00f3lne elementy tak aby zakres prac zleconych by\u0142 uszyty na miar\u0119 Pa\u0144stwa potrzeb. Zakres us\u0142ug jakie \u015bwiadczy nasza firma to mi\u0119dzy innymi:<\/p>\n\n\n\n<ul class=\"wp-block-list\"><li>Analiza przedwdro\u017ceniowa<\/li><li>I, II i II Linia wsparcia<\/li><li>Monitorowanie infrastruktury <\/li><li>Ewidencja sprz\u0119tu IT<\/li><li>Konfiguracja i zarz\u0105dzanie macierzami <\/li><li>Czuwanie nad ci\u0105g\u0142o\u015bci\u0105 pracy system\u00f3w IT<\/li><li>Wdro\u017cenie oraz zarz\u0105dzanie domen\u0105 Active Directory<\/li><li>Zarz\u0105dzanie serwerami Windows<\/li><li>Zarz\u0105dzanie serwerami Linux<\/li><li>Administracja dost\u0119pem u\u017cytkownik\u00f3w do kont i danych w systemach IT<\/li><li><span style=\"color: initial;\">Zarz\u0105dzanie serwerami fizycznymi i wirtualnymi<\/span><\/li><li>Pod\u0142\u0105czenie do infrastruktury monitorowania us\u0142ugi i zasob\u00f3w w infrastrukturze IT<\/li><li>Konfiguracja i zarz\u0105dzanie Klastrami HA<\/li><li>Wykonywanie i nadz\u00f3r nad kopiami zapasowymi<\/li><li>Przywracanie danych z backup\u00f3w<\/li><li>Automatyzacja proces\u00f3w zwi\u0105zanych z zarz\u0105dzaniem infrastruktur\u0105 IT<\/li><li>Wdro\u017cenie oraz zarz\u0105dzanie sieciami LAN, WAN, SAN<\/li><li>Segmentacja sieci, planowanie adresacji<\/li><li>Analiza konfiguracji urz\u0105dze\u0144 sieciowych<\/li><li>Zarz\u0105dzanie us\u0142ugami RADIUS<\/li><li>Zarz\u0105dzanie urz\u0105dzeniami brzegowymi typu NGFW<\/li><li>Tworzenie imiennych po\u0142\u0105cze\u0144 VPN dla pracownik\u00f3w<\/li><li>\u0141\u0105czenie oddzia\u0142\u00f3w pomi\u0119dzy sob\u0105 z wykorzystaniem szyfrowanych po\u0142\u0105cze\u0144<\/li><li>Konsultacje IT w ramach \u015bwiadczonych us\u0142ug<\/li><li>Wsparcie w bud\u017cetowaniu oraz planach rozwojowych na kolejne lata<\/li><li>Wdro\u017cenie i zarz\u0105dzanie sieci\u0105 WiFi<\/li><li>Zarz\u0105dzanie serwerami DNS<\/li><li>Zarz\u0105dzanie serwerami DHCP<\/li><\/ul>\n\n\n\n<p><\/p>\n","protected":false},"excerpt":{"rendered":"<p>Zarz\u0105dzanie infrastruktur\u0105 IT to jedna z us\u0142ug, kt\u00f3ra najcz\u0119\u015bciej zlecana jest firmom zewn\u0119trznym. Zlecenie obs\u0142ugi firmie zewn\u0119trznej pozwala przede wszystkim obni\u017cy\u0107 koszty zwi\u0105zane z utrzymaniem system\u00f3w informatycznych. Przekazuj\u0105c zarz\u0105dzanie infrastruktur\u0105 specjalistom mog\u0105 Pa\u0144stwo skoncentrowa\u0107 swoje dzia\u0142ania na kluczowych obszarach dzia\u0142ania swojej firmy. W ramach obs\u0142ugi IT proponujemy Pa\u0144stwu szeroki wachlarz us\u0142ug, z kt\u00f3rych mog\u0105 Pa\u0144stwo [&hellip;]<\/p>\n","protected":false},"author":1,"featured_media":0,"parent":0,"menu_order":0,"comment_status":"closed","ping_status":"closed","template":"","meta":{"footnotes":""},"class_list":["post-38","page","type-page","status-publish","hentry"],"_links":{"self":[{"href":"https:\/\/nottitia.pl\/index.php\/wp-json\/wp\/v2\/pages\/38","targetHints":{"allow":["GET"]}}],"collection":[{"href":"https:\/\/nottitia.pl\/index.php\/wp-json\/wp\/v2\/pages"}],"about":[{"href":"https:\/\/nottitia.pl\/index.php\/wp-json\/wp\/v2\/types\/page"}],"author":[{"embeddable":true,"href":"https:\/\/nottitia.pl\/index.php\/wp-json\/wp\/v2\/users\/1"}],"replies":[{"embeddable":true,"href":"https:\/\/nottitia.pl\/index.php\/wp-json\/wp\/v2\/comments?post=38"}],"version-history":[{"count":6,"href":"https:\/\/nottitia.pl\/index.php\/wp-json\/wp\/v2\/pages\/38\/revisions"}],"predecessor-version":[{"id":98,"href":"https:\/\/nottitia.pl\/index.php\/wp-json\/wp\/v2\/pages\/38\/revisions\/98"}],"wp:attachment":[{"href":"https:\/\/nottitia.pl\/index.php\/wp-json\/wp\/v2\/media?parent=38"}],"curies":[{"name":"wp","href":"https:\/\/api.w.org\/{rel}","templated":true}]}}