{"id":40,"date":"2022-03-13T17:41:11","date_gmt":"2022-03-13T17:41:11","guid":{"rendered":"http:\/\/nottitia.pl\/?page_id=40"},"modified":"2022-03-13T21:53:51","modified_gmt":"2022-03-13T21:53:51","slug":"konsulting","status":"publish","type":"page","link":"https:\/\/nottitia.pl\/index.php\/konsulting\/","title":{"rendered":"KONSULTING IT"},"content":{"rendered":"\n<p>Konsulting IT nie jest dzia\u0142aniem jednorazowym ale stanowi ci\u0105g dzia\u0142a\u0144 umo\u017cliwiaj\u0105cych realizacj\u0119 plan\u00f3w jednostki, dzi\u0119ki optymalizacji koszt\u00f3w jednocze\u015bnie wykorzystuj\u0105c najnowsze technologie informatyczne. Doradztwo sprawdza si\u0119&nbsp;w ka\u017cdym momencie, w kt\u00f3rym firma decyduje si\u0119&nbsp;na wdro\u017cenie nowych rozwi\u0105za\u0144 lub optymalizacji istniej\u0105cej infrastruktury w celu optymalizacji infrastruktury i proces\u00f3w zwi\u0105zanych z zarz\u0105dzaniem. Poni\u017cej znajd\u0105 Pa\u0144stwo kilka przyk\u0142adowych pyta\u0144, kt\u00f3re u\u0142atwi\u0105 podj\u0119cie decyzji o wyborze us\u0142ugi konsultacji.<\/p>\n\n\n\n<ul class=\"wp-block-list\"><li>Czy dobrane rozwi\u0105zanie IT jest odpowiednie dla strategii biznesowej i rozwoju firmy ?<\/li><li>Jaki system najlepiej b\u0119dzie pasowa\u0142 do rozwoju firmy ?<\/li><li>Jak zoptymalizowa\u0107 infrastruktur\u0119 IT?<\/li><li>Jak zoptymalizowa\u0107 koszty zwi\u0105zane z infrastruktur\u0105 IT?<\/li><li>W jaki spos\u00f3b szybko i sprawnie wdro\u017cy\u0107 nowy system ?<\/li><li>Jakie zadania s\u0105 niezb\u0119dne do transformacji informatycznej firmy?<\/li><\/ul>\n\n\n\n<p><\/p>\n","protected":false},"excerpt":{"rendered":"<p>Konsulting IT nie jest dzia\u0142aniem jednorazowym ale stanowi ci\u0105g dzia\u0142a\u0144 umo\u017cliwiaj\u0105cych realizacj\u0119 plan\u00f3w jednostki, dzi\u0119ki optymalizacji koszt\u00f3w jednocze\u015bnie wykorzystuj\u0105c najnowsze technologie informatyczne. Doradztwo sprawdza si\u0119&nbsp;w ka\u017cdym momencie, w kt\u00f3rym firma decyduje si\u0119&nbsp;na wdro\u017cenie nowych rozwi\u0105za\u0144 lub optymalizacji istniej\u0105cej infrastruktury w celu optymalizacji infrastruktury i proces\u00f3w zwi\u0105zanych z zarz\u0105dzaniem. Poni\u017cej znajd\u0105 Pa\u0144stwo kilka przyk\u0142adowych pyta\u0144, kt\u00f3re [&hellip;]<\/p>\n","protected":false},"author":1,"featured_media":0,"parent":0,"menu_order":1,"comment_status":"closed","ping_status":"closed","template":"","meta":{"footnotes":""},"class_list":["post-40","page","type-page","status-publish","hentry"],"_links":{"self":[{"href":"https:\/\/nottitia.pl\/index.php\/wp-json\/wp\/v2\/pages\/40","targetHints":{"allow":["GET"]}}],"collection":[{"href":"https:\/\/nottitia.pl\/index.php\/wp-json\/wp\/v2\/pages"}],"about":[{"href":"https:\/\/nottitia.pl\/index.php\/wp-json\/wp\/v2\/types\/page"}],"author":[{"embeddable":true,"href":"https:\/\/nottitia.pl\/index.php\/wp-json\/wp\/v2\/users\/1"}],"replies":[{"embeddable":true,"href":"https:\/\/nottitia.pl\/index.php\/wp-json\/wp\/v2\/comments?post=40"}],"version-history":[{"count":6,"href":"https:\/\/nottitia.pl\/index.php\/wp-json\/wp\/v2\/pages\/40\/revisions"}],"predecessor-version":[{"id":99,"href":"https:\/\/nottitia.pl\/index.php\/wp-json\/wp\/v2\/pages\/40\/revisions\/99"}],"wp:attachment":[{"href":"https:\/\/nottitia.pl\/index.php\/wp-json\/wp\/v2\/media?parent=40"}],"curies":[{"name":"wp","href":"https:\/\/api.w.org\/{rel}","templated":true}]}}