{"id":62,"date":"2022-03-13T18:01:56","date_gmt":"2022-03-13T18:01:56","guid":{"rendered":"http:\/\/nottitia.pl\/?page_id=62"},"modified":"2022-03-13T21:07:13","modified_gmt":"2022-03-13T21:07:13","slug":"wsparcie","status":"publish","type":"page","link":"https:\/\/nottitia.pl\/index.php\/wsparcie\/","title":{"rendered":"WSPARCIE"},"content":{"rendered":"\n<p>Zakres us\u0142ug oferowanych przez nasz\u0105 firm\u0119 jest na tyle szeroki i elastyczny, \u017ce jeste\u015bmy w stanie dopasowa\u0107 ofert\u0119 do potrzeb ka\u017cdego klienta. Niezale\u017cnie od tego czy wymagana jest pe\u0142na obs\u0142uga, czy cz\u0119\u015bciowe wsparcie istniej\u0105cych s\u0142u\u017cb, czy te\u017c jednorazowe zlecenia. Jeste\u015bmy w stanie sprosta\u0107 ka\u017cdemu modelowi wsp\u00f3\u0142pracy. <\/p>\n\n\n\n<p>Wyb\u00f3r sposobu wsp\u00f3\u0142pracy powinien by\u0107 uzale\u017cniony od indywidualnych potrzeb i dopasowany do wymaga\u0144, jednak\u017ce powinien by\u0107 elastyczny aby w ka\u017cdym momencie m\u00f3c rozszerzy\u0107 zakres wsp\u00f3\u0142pracy. <\/p>\n\n\n\n<p>W przypadku firm, kt\u00f3re nie posiadaj\u0105 w\u0142asnego dzia\u0142u IT sprawdzi si\u0119\u00a0model, pe\u0142nej obs\u0142ugi zdalnej lub obs\u0142ugi zdalnej jednocze\u015bnie z dedykowanym in\u017cynierem w siedzibie klienta zapewniaj\u0105cym podstawowy &#8220;Help Desk&#8221;. <\/p>\n\n\n\n<p>Cz\u0119\u015bciowe wsparcie w ramach II i III linii to dobry wyb\u00f3r dla jednostek posiadaj\u0105cych niewielki dzia\u0142 informatyczny, lub ma\u0142ych firm kt\u00f3re zatrudniaj\u0105 jednego informatyka. <\/p>\n\n\n\n<p>Dora\u017ane wsparcie projektowe sprawdzi si\u0119 w przypadku projekt\u00f3w gdy czasowo wewn\u0119trzne zasoby potrzebuj\u0105 wsparcia w ramach terminowych projekt\u00f3w, tak aby mog\u0142y zaj\u0105\u0107 si\u0119 niezb\u0119dnymi procesami w celu utrzymania ci\u0105g\u0142o\u015bci dzia\u0142ania infrastruktury.<\/p>\n","protected":false},"excerpt":{"rendered":"<p>Zakres us\u0142ug oferowanych przez nasz\u0105 firm\u0119 jest na tyle szeroki i elastyczny, \u017ce jeste\u015bmy w stanie dopasowa\u0107 ofert\u0119 do potrzeb ka\u017cdego klienta. Niezale\u017cnie od tego czy wymagana jest pe\u0142na obs\u0142uga, czy cz\u0119\u015bciowe wsparcie istniej\u0105cych s\u0142u\u017cb, czy te\u017c jednorazowe zlecenia. Jeste\u015bmy w stanie sprosta\u0107 ka\u017cdemu modelowi wsp\u00f3\u0142pracy. Wyb\u00f3r sposobu wsp\u00f3\u0142pracy powinien by\u0107 uzale\u017cniony od indywidualnych potrzeb [&hellip;]<\/p>\n","protected":false},"author":1,"featured_media":0,"parent":0,"menu_order":0,"comment_status":"closed","ping_status":"closed","template":"","meta":{"footnotes":""},"class_list":["post-62","page","type-page","status-publish","hentry"],"_links":{"self":[{"href":"https:\/\/nottitia.pl\/index.php\/wp-json\/wp\/v2\/pages\/62","targetHints":{"allow":["GET"]}}],"collection":[{"href":"https:\/\/nottitia.pl\/index.php\/wp-json\/wp\/v2\/pages"}],"about":[{"href":"https:\/\/nottitia.pl\/index.php\/wp-json\/wp\/v2\/types\/page"}],"author":[{"embeddable":true,"href":"https:\/\/nottitia.pl\/index.php\/wp-json\/wp\/v2\/users\/1"}],"replies":[{"embeddable":true,"href":"https:\/\/nottitia.pl\/index.php\/wp-json\/wp\/v2\/comments?post=62"}],"version-history":[{"count":2,"href":"https:\/\/nottitia.pl\/index.php\/wp-json\/wp\/v2\/pages\/62\/revisions"}],"predecessor-version":[{"id":83,"href":"https:\/\/nottitia.pl\/index.php\/wp-json\/wp\/v2\/pages\/62\/revisions\/83"}],"wp:attachment":[{"href":"https:\/\/nottitia.pl\/index.php\/wp-json\/wp\/v2\/media?parent=62"}],"curies":[{"name":"wp","href":"https:\/\/api.w.org\/{rel}","templated":true}]}}