{"id":74,"date":"2022-03-13T20:34:00","date_gmt":"2022-03-13T20:34:00","guid":{"rendered":"http:\/\/nottitia.pl\/?page_id=74"},"modified":"2022-03-13T20:42:44","modified_gmt":"2022-03-13T20:42:44","slug":"wdrozenia","status":"publish","type":"page","link":"https:\/\/nottitia.pl\/index.php\/wdrozenia\/","title":{"rendered":"WDRO\u017bENIA"},"content":{"rendered":"\n<p>Nasza firma oferuje pomoc przy wdro\u017ceniach zakupionego sprz\u0119tu lub oprogramowania, niezale\u017cnie od tego czy zakupili Pa\u0144stwo rozwi\u0105zanie od nas czy od konkurencji. Praca zwi\u0105zana z wdro\u017ceniem wymaga skrupulatnie zaplanowanych dzia\u0142a\u0144 w porozumieniu z klientem tak aby w jak najmniejszym stopniu wp\u0142yn\u0119\u0142a na prac\u0119 istniej\u0105cego \u015brodowiska. W tym celu przed ka\u017cdym wdro\u017ceniem wykonujemy analiz\u0119 przedwdro\u017ceniow\u0105 i przygotowujemy projekt, kt\u00f3ry jest konsultowany z klientem. Po akceptacji wykonujemy prace wdro\u017ceniowe zgodnie z harmonogramem a nast\u0119pnie przygotowana zostaje dokumentacja po wdro\u017ceniowa oraz szkolenie personelu klienta. Istnieje r\u00f3wnie\u017c mo\u017cliwo\u015b\u0107 \u015bwiadczenia przez nasz\u0105 firm\u0119 wsparcia prowdro\u017ceniowego. Wszystko zale\u017cy od indywidualnych potrzeb klienta.<\/p>\n","protected":false},"excerpt":{"rendered":"<p>Nasza firma oferuje pomoc przy wdro\u017ceniach zakupionego sprz\u0119tu lub oprogramowania, niezale\u017cnie od tego czy zakupili Pa\u0144stwo rozwi\u0105zanie od nas czy od konkurencji. Praca zwi\u0105zana z wdro\u017ceniem wymaga skrupulatnie zaplanowanych dzia\u0142a\u0144 w porozumieniu z klientem tak aby w jak najmniejszym stopniu wp\u0142yn\u0119\u0142a na prac\u0119 istniej\u0105cego \u015brodowiska. W tym celu przed ka\u017cdym wdro\u017ceniem wykonujemy analiz\u0119 przedwdro\u017ceniow\u0105 i [&hellip;]<\/p>\n","protected":false},"author":1,"featured_media":0,"parent":0,"menu_order":0,"comment_status":"closed","ping_status":"closed","template":"","meta":{"footnotes":""},"class_list":["post-74","page","type-page","status-publish","hentry"],"_links":{"self":[{"href":"https:\/\/nottitia.pl\/index.php\/wp-json\/wp\/v2\/pages\/74","targetHints":{"allow":["GET"]}}],"collection":[{"href":"https:\/\/nottitia.pl\/index.php\/wp-json\/wp\/v2\/pages"}],"about":[{"href":"https:\/\/nottitia.pl\/index.php\/wp-json\/wp\/v2\/types\/page"}],"author":[{"embeddable":true,"href":"https:\/\/nottitia.pl\/index.php\/wp-json\/wp\/v2\/users\/1"}],"replies":[{"embeddable":true,"href":"https:\/\/nottitia.pl\/index.php\/wp-json\/wp\/v2\/comments?post=74"}],"version-history":[{"count":3,"href":"https:\/\/nottitia.pl\/index.php\/wp-json\/wp\/v2\/pages\/74\/revisions"}],"predecessor-version":[{"id":79,"href":"https:\/\/nottitia.pl\/index.php\/wp-json\/wp\/v2\/pages\/74\/revisions\/79"}],"wp:attachment":[{"href":"https:\/\/nottitia.pl\/index.php\/wp-json\/wp\/v2\/media?parent=74"}],"curies":[{"name":"wp","href":"https:\/\/api.w.org\/{rel}","templated":true}]}}