{"id":88,"date":"2022-03-13T21:19:40","date_gmt":"2022-03-13T21:19:40","guid":{"rendered":"http:\/\/nottitia.pl\/?page_id=88"},"modified":"2022-03-13T21:21:41","modified_gmt":"2022-03-13T21:21:41","slug":"nottitia","status":"publish","type":"page","link":"https:\/\/nottitia.pl\/","title":{"rendered":"NOTTITIA"},"content":{"rendered":"\n<p>Oferujemy kompleksowe lub cz\u0119\u015bciowe wsparcie informatyczne dla firm, plac\u00f3wek publicznych. Naszym g\u0142\u00f3wnym obszarem dzia\u0142ania jest wojew\u00f3dztwo dolno\u015bl\u0105skie jednak\u017ce wsp\u00f3\u0142pracujemy r\u00f3wnie\u017c z klientami z ca\u0142ej Polski. Dysponujemy rozwi\u0105zaniem teleinformatycznym umo\u017cliwiaj\u0105cym udziela\u0107 skutecznie wsparcia zdalnie. W razie konieczno\u015bci doje\u017cd\u017camy r\u00f3wnie\u017c do klient\u00f3w aby rozwi\u0105za\u0107 problem.<\/p>\n","protected":false},"excerpt":{"rendered":"<p>Oferujemy kompleksowe lub cz\u0119\u015bciowe wsparcie informatyczne dla firm, plac\u00f3wek publicznych. Naszym g\u0142\u00f3wnym obszarem dzia\u0142ania jest wojew\u00f3dztwo dolno\u015bl\u0105skie jednak\u017ce wsp\u00f3\u0142pracujemy r\u00f3wnie\u017c z klientami z ca\u0142ej Polski. Dysponujemy rozwi\u0105zaniem teleinformatycznym umo\u017cliwiaj\u0105cym udziela\u0107 skutecznie wsparcia zdalnie. W razie konieczno\u015bci doje\u017cd\u017camy r\u00f3wnie\u017c do klient\u00f3w aby rozwi\u0105za\u0107 problem.<\/p>\n","protected":false},"author":1,"featured_media":0,"parent":0,"menu_order":0,"comment_status":"closed","ping_status":"closed","template":"","meta":{"footnotes":""},"class_list":["post-88","page","type-page","status-publish","hentry"],"_links":{"self":[{"href":"https:\/\/nottitia.pl\/index.php\/wp-json\/wp\/v2\/pages\/88","targetHints":{"allow":["GET"]}}],"collection":[{"href":"https:\/\/nottitia.pl\/index.php\/wp-json\/wp\/v2\/pages"}],"about":[{"href":"https:\/\/nottitia.pl\/index.php\/wp-json\/wp\/v2\/types\/page"}],"author":[{"embeddable":true,"href":"https:\/\/nottitia.pl\/index.php\/wp-json\/wp\/v2\/users\/1"}],"replies":[{"embeddable":true,"href":"https:\/\/nottitia.pl\/index.php\/wp-json\/wp\/v2\/comments?post=88"}],"version-history":[{"count":2,"href":"https:\/\/nottitia.pl\/index.php\/wp-json\/wp\/v2\/pages\/88\/revisions"}],"predecessor-version":[{"id":92,"href":"https:\/\/nottitia.pl\/index.php\/wp-json\/wp\/v2\/pages\/88\/revisions\/92"}],"wp:attachment":[{"href":"https:\/\/nottitia.pl\/index.php\/wp-json\/wp\/v2\/media?parent=88"}],"curies":[{"name":"wp","href":"https:\/\/api.w.org\/{rel}","templated":true}]}}